{"id":1227,"date":"2026-04-04T23:21:16","date_gmt":"2026-04-05T03:21:16","guid":{"rendered":"https:\/\/naturatouch.ca\/?post_type=product&#038;p=1227"},"modified":"2026-04-04T23:45:47","modified_gmt":"2026-04-05T03:45:47","slug":"desodorisant-naturel-voiture-maison-musc-floral","status":"publish","type":"product","link":"https:\/\/naturatouch.ca\/fr\/product\/natural-car-home-air-freshener-floral-musk\/","title":{"rendered":"Rafra\u00eechisseur d'air naturel pour la maison et la voiture - Musc floral"},"content":{"rendered":"<p data-start=\"396\" data-end=\"553\">Un d\u00e9sodorisant naturel con\u00e7u pour les voitures et les petits espaces, offrant un doux parfum de musc floral qui cr\u00e9e une atmosph\u00e8re propre et rafra\u00eechissante o\u00f9 que vous alliez.<\/p>","protected":false},"excerpt":{"rendered":"<p>Un d\u00e9sodorisant naturel pour la voiture et la maison au doux parfum de musc floral, con\u00e7u pour apporter une atmosph\u00e8re propre et rafra\u00eechissante \u00e0 vos espaces quotidiens. Fabriqu\u00e9 \u00e0 partir d'ingr\u00e9dients d'origine v\u00e9g\u00e9tale pour un parfum subtil et durable sans \u00eatre trop puissant.<\/p>\n<p data-section-id=\"1accwdl\" data-start=\"1118\" data-end=\"1144\"><span role=\"text\"><strong data-start=\"1122\" data-end=\"1144\">Pourquoi vous l'aimerez<\/strong><\/span><\/p>\n<ul data-start=\"1145\" data-end=\"1333\">\n<li data-section-id=\"12ygeq7\" data-start=\"1145\" data-end=\"1181\">100% m\u00e9lange de parfums \u00e0 base de plantes<\/li>\n<li data-section-id=\"w5we33\" data-start=\"1182\" data-end=\"1217\">Parfum doux et \u00e9l\u00e9gant de musc floral<\/li>\n<li data-section-id=\"1nkxn9b\" data-start=\"1218\" data-end=\"1264\">Diffusion longue dur\u00e9e (formule \u00e0 base d'huile)<\/li>\n<li data-section-id=\"ikqrkl\" data-start=\"1265\" data-end=\"1295\">Conception compacte et minimale<\/li>\n<li data-section-id=\"9ecw41\" data-start=\"1296\" data-end=\"1333\">Convient pour les voitures et les petits espaces<\/li>\n<\/ul>\n<p>Un parfum doux pour un confort quotidien, dans votre voiture et ailleurs.<\/p>","protected":false},"featured_media":1180,"comment_status":"open","ping_status":"closed","template":"","meta":{"_acf_changed":false,"_et_pb_use_builder":"","_et_pb_old_content":"","_et_gb_content_width":"","om_disable_all_campaigns":false},"product_brand":[],"product_cat":[113],"product_tag":[115,123,124,122,117,121,116,114,120,118,119],"class_list":{"0":"post-1227","1":"product","2":"type-product","3":"status-publish","4":"has-post-thumbnail","6":"product_cat-home-lifestyle","7":"product_tag-car-air-freshener","8":"product_tag-car-fragrance","9":"product_tag-closet-freshener","10":"product_tag-eco-friendly","11":"product_tag-floral-musk","12":"product_tag-fresh-scent","13":"product_tag-home-air-freshener","14":"product_tag-natural-air-freshener","15":"product_tag-natural-fragrance","16":"product_tag-plant-based","17":"product_tag-small-space-freshener","19":"first","20":"instock","21":"featured","22":"taxable","23":"shipping-taxable","24":"purchasable","25":"product-type-simple"},"acf":[],"yoast_head":"<!-- This site is optimized with the Yoast SEO plugin v27.3 - https:\/\/yoast.com\/product\/yoast-seo-wordpress\/ -->\n<title>Natural Car &amp; Home Air Freshener Floral Musk | Natura Touch<\/title>\n<meta name=\"description\" content=\"Natural car and home air freshener with a soft floral musk scent. 100% plant-based ingredients for a clean and long-lasting freshness. Natura Touch Canada.\" \/>\n<meta name=\"robots\" content=\"index, follow, max-snippet:-1, max-image-preview:large, max-video-preview:-1\" \/>\n<link rel=\"canonical\" href=\"https:\/\/naturatouch.ca\/fr\/produit\/desodorisant-naturel-voiture-maison-musc-floral\/\" \/>\n<meta property=\"og:locale\" content=\"fr_CA\" \/>\n<meta property=\"og:type\" content=\"article\" \/>\n<meta property=\"og:title\" content=\"Natural Car &amp; Home Air Freshener Floral Musk | Natura Touch\" \/>\n<meta property=\"og:description\" content=\"Natural car and home air freshener with a soft floral musk scent. 100% plant-based ingredients for a clean and long-lasting freshness. Natura Touch Canada.\" \/>\n<meta property=\"og:url\" content=\"https:\/\/naturatouch.ca\/fr\/produit\/desodorisant-naturel-voiture-maison-musc-floral\/\" \/>\n<meta property=\"og:site_name\" content=\"Natura Touch\" \/>\n<meta property=\"article:publisher\" content=\"https:\/\/www.facebook.com\/naturatouchca\" \/>\n<meta property=\"article:modified_time\" content=\"2026-04-05T03:45:47+00:00\" \/>\n<meta property=\"og:image\" content=\"https:\/\/naturatouch.ca\/wp-content\/uploads\/2026\/03\/File-4-scaled.jpeg\" \/>\n\t<meta property=\"og:image:width\" content=\"2560\" \/>\n\t<meta property=\"og:image:height\" content=\"1773\" \/>\n\t<meta property=\"og:image:type\" content=\"image\/jpeg\" \/>\n<meta name=\"twitter:card\" content=\"summary_large_image\" \/>\n<meta name=\"twitter:label1\" content=\"Estimation du temps de lecture\" \/>\n\t<meta name=\"twitter:data1\" content=\"1 minute\" \/>\n<script type=\"application\/ld+json\" class=\"yoast-schema-graph\">{\"@context\":\"https:\\\/\\\/schema.org\",\"@graph\":[{\"@type\":\"WebPage\",\"@id\":\"https:\\\/\\\/naturatouch.ca\\\/product\\\/natural-car-home-air-freshener-floral-musk\\\/\",\"url\":\"https:\\\/\\\/naturatouch.ca\\\/product\\\/natural-car-home-air-freshener-floral-musk\\\/\",\"name\":\"Natural Car & Home Air Freshener Floral Musk | Natura Touch\",\"isPartOf\":{\"@id\":\"https:\\\/\\\/naturatouch.ca\\\/#website\"},\"primaryImageOfPage\":{\"@id\":\"https:\\\/\\\/naturatouch.ca\\\/product\\\/natural-car-home-air-freshener-floral-musk\\\/#primaryimage\"},\"image\":{\"@id\":\"https:\\\/\\\/naturatouch.ca\\\/product\\\/natural-car-home-air-freshener-floral-musk\\\/#primaryimage\"},\"thumbnailUrl\":\"https:\\\/\\\/naturatouch.ca\\\/wp-content\\\/uploads\\\/2026\\\/03\\\/File-4-scaled.jpeg\",\"datePublished\":\"2026-04-05T03:21:16+00:00\",\"dateModified\":\"2026-04-05T03:45:47+00:00\",\"description\":\"Natural car and home air freshener with a soft floral musk scent. 100% plant-based ingredients for a clean and long-lasting freshness. Natura Touch Canada.\",\"breadcrumb\":{\"@id\":\"https:\\\/\\\/naturatouch.ca\\\/product\\\/natural-car-home-air-freshener-floral-musk\\\/#breadcrumb\"},\"inLanguage\":\"fr-CA\",\"potentialAction\":[{\"@type\":\"ReadAction\",\"target\":[\"https:\\\/\\\/naturatouch.ca\\\/product\\\/natural-car-home-air-freshener-floral-musk\\\/\"]}]},{\"@type\":\"ImageObject\",\"inLanguage\":\"fr-CA\",\"@id\":\"https:\\\/\\\/naturatouch.ca\\\/product\\\/natural-car-home-air-freshener-floral-musk\\\/#primaryimage\",\"url\":\"https:\\\/\\\/naturatouch.ca\\\/wp-content\\\/uploads\\\/2026\\\/03\\\/File-4-scaled.jpeg\",\"contentUrl\":\"https:\\\/\\\/naturatouch.ca\\\/wp-content\\\/uploads\\\/2026\\\/03\\\/File-4-scaled.jpeg\",\"width\":2560,\"height\":1773,\"caption\":\"A soft floral musk scent designed for your car and small spaces\"},{\"@type\":\"BreadcrumbList\",\"@id\":\"https:\\\/\\\/naturatouch.ca\\\/product\\\/natural-car-home-air-freshener-floral-musk\\\/#breadcrumb\",\"itemListElement\":[{\"@type\":\"ListItem\",\"position\":1,\"name\":\"Home\",\"item\":\"https:\\\/\\\/naturatouch.ca\\\/\"},{\"@type\":\"ListItem\",\"position\":2,\"name\":\"Shop\",\"item\":\"https:\\\/\\\/naturatouch.ca\\\/shop\\\/\"},{\"@type\":\"ListItem\",\"position\":3,\"name\":\"Natural Car &#038; Home Air Freshener \u2013 Floral Musk\"}]},{\"@type\":\"WebSite\",\"@id\":\"https:\\\/\\\/naturatouch.ca\\\/#website\",\"url\":\"https:\\\/\\\/naturatouch.ca\\\/\",\"name\":\"Natura Touch\",\"description\":\"Natural Skincare and Wellness Essentials\",\"publisher\":{\"@id\":\"https:\\\/\\\/naturatouch.ca\\\/#organization\"},\"potentialAction\":[{\"@type\":\"SearchAction\",\"target\":{\"@type\":\"EntryPoint\",\"urlTemplate\":\"https:\\\/\\\/naturatouch.ca\\\/?s={search_term_string}\"},\"query-input\":{\"@type\":\"PropertyValueSpecification\",\"valueRequired\":true,\"valueName\":\"search_term_string\"}}],\"inLanguage\":\"fr-CA\"},{\"@type\":\"Organization\",\"@id\":\"https:\\\/\\\/naturatouch.ca\\\/#organization\",\"name\":\"Natura Touch\",\"url\":\"https:\\\/\\\/naturatouch.ca\\\/\",\"logo\":{\"@type\":\"ImageObject\",\"inLanguage\":\"fr-CA\",\"@id\":\"https:\\\/\\\/naturatouch.ca\\\/#\\\/schema\\\/logo\\\/image\\\/\",\"url\":\"https:\\\/\\\/naturatouch.ca\\\/wp-content\\\/uploads\\\/2025\\\/09\\\/cropped-Logo-without-background.jpeg\",\"contentUrl\":\"https:\\\/\\\/naturatouch.ca\\\/wp-content\\\/uploads\\\/2025\\\/09\\\/cropped-Logo-without-background.jpeg\",\"width\":512,\"height\":512,\"caption\":\"Natura Touch\"},\"image\":{\"@id\":\"https:\\\/\\\/naturatouch.ca\\\/#\\\/schema\\\/logo\\\/image\\\/\"},\"sameAs\":[\"https:\\\/\\\/www.facebook.com\\\/naturatouchca\",\"https:\\\/\\\/www.instagram.com\\\/naturatouchca\\\/\"]}]}<\/script>\n<!-- \/ Yoast SEO plugin. -->","yoast_head_json":{"title":"Rafra\u00eechisseur d'air naturel pour la voiture et la maison - Musc floral | Natura Touch","description":"D\u00e9sodorisant naturel pour la voiture et la maison avec un doux parfum de musc floral. 100% ingr\u00e9dients \u00e0 base de plantes pour une fra\u00eecheur propre et durable. Natura Touch Canada.","robots":{"index":"index","follow":"follow","max-snippet":"max-snippet:-1","max-image-preview":"max-image-preview:large","max-video-preview":"max-video-preview:-1"},"canonical":"https:\/\/naturatouch.ca\/fr\/produit\/desodorisant-naturel-voiture-maison-musc-floral\/","og_locale":"fr_CA","og_type":"article","og_title":"Natural Car & Home Air Freshener Floral Musk | Natura Touch","og_description":"Natural car and home air freshener with a soft floral musk scent. 100% plant-based ingredients for a clean and long-lasting freshness. Natura Touch Canada.","og_url":"https:\/\/naturatouch.ca\/fr\/produit\/desodorisant-naturel-voiture-maison-musc-floral\/","og_site_name":"Natura Touch","article_publisher":"https:\/\/www.facebook.com\/naturatouchca","article_modified_time":"2026-04-05T03:45:47+00:00","og_image":[{"width":2560,"height":1773,"url":"https:\/\/naturatouch.ca\/wp-content\/uploads\/2026\/03\/File-4-scaled.jpeg","type":"image\/jpeg"}],"twitter_card":"summary_large_image","twitter_misc":{"Estimation du temps de lecture":"1 minute"},"schema":{"@context":"https:\/\/schema.org","@graph":[{"@type":"WebPage","@id":"https:\/\/naturatouch.ca\/product\/natural-car-home-air-freshener-floral-musk\/","url":"https:\/\/naturatouch.ca\/product\/natural-car-home-air-freshener-floral-musk\/","name":"Rafra\u00eechisseur d'air naturel pour la voiture et la maison - Musc floral | Natura Touch","isPartOf":{"@id":"https:\/\/naturatouch.ca\/#website"},"primaryImageOfPage":{"@id":"https:\/\/naturatouch.ca\/product\/natural-car-home-air-freshener-floral-musk\/#primaryimage"},"image":{"@id":"https:\/\/naturatouch.ca\/product\/natural-car-home-air-freshener-floral-musk\/#primaryimage"},"thumbnailUrl":"https:\/\/naturatouch.ca\/wp-content\/uploads\/2026\/03\/File-4-scaled.jpeg","datePublished":"2026-04-05T03:21:16+00:00","dateModified":"2026-04-05T03:45:47+00:00","description":"D\u00e9sodorisant naturel pour la voiture et la maison avec un doux parfum de musc floral. 100% ingr\u00e9dients \u00e0 base de plantes pour une fra\u00eecheur propre et durable. Natura Touch Canada.","breadcrumb":{"@id":"https:\/\/naturatouch.ca\/product\/natural-car-home-air-freshener-floral-musk\/#breadcrumb"},"inLanguage":"fr-CA","potentialAction":[{"@type":"ReadAction","target":["https:\/\/naturatouch.ca\/product\/natural-car-home-air-freshener-floral-musk\/"]}]},{"@type":"ImageObject","inLanguage":"fr-CA","@id":"https:\/\/naturatouch.ca\/product\/natural-car-home-air-freshener-floral-musk\/#primaryimage","url":"https:\/\/naturatouch.ca\/wp-content\/uploads\/2026\/03\/File-4-scaled.jpeg","contentUrl":"https:\/\/naturatouch.ca\/wp-content\/uploads\/2026\/03\/File-4-scaled.jpeg","width":2560,"height":1773,"caption":"A soft floral musk scent designed for your car and small spaces"},{"@type":"BreadcrumbList","@id":"https:\/\/naturatouch.ca\/product\/natural-car-home-air-freshener-floral-musk\/#breadcrumb","itemListElement":[{"@type":"ListItem","position":1,"name":"Home","item":"https:\/\/naturatouch.ca\/"},{"@type":"ListItem","position":2,"name":"Shop","item":"https:\/\/naturatouch.ca\/shop\/"},{"@type":"ListItem","position":3,"name":"Natural Car &#038; Home Air Freshener \u2013 Floral Musk"}]},{"@type":"WebSite","@id":"https:\/\/naturatouch.ca\/#website","url":"https:\/\/naturatouch.ca\/","name":"Natura Touch","description":"Soins naturels pour la peau et produits essentiels pour le bien-\u00eatre","publisher":{"@id":"https:\/\/naturatouch.ca\/#organization"},"potentialAction":[{"@type":"SearchAction","target":{"@type":"EntryPoint","urlTemplate":"https:\/\/naturatouch.ca\/?s={search_term_string}"},"query-input":{"@type":"PropertyValueSpecification","valueRequired":true,"valueName":"search_term_string"}}],"inLanguage":"fr-CA"},{"@type":"Organization","@id":"https:\/\/naturatouch.ca\/#organization","name":"Natura Touch","url":"https:\/\/naturatouch.ca\/","logo":{"@type":"ImageObject","inLanguage":"fr-CA","@id":"https:\/\/naturatouch.ca\/#\/schema\/logo\/image\/","url":"https:\/\/naturatouch.ca\/wp-content\/uploads\/2025\/09\/cropped-Logo-without-background.jpeg","contentUrl":"https:\/\/naturatouch.ca\/wp-content\/uploads\/2025\/09\/cropped-Logo-without-background.jpeg","width":512,"height":512,"caption":"Natura Touch"},"image":{"@id":"https:\/\/naturatouch.ca\/#\/schema\/logo\/image\/"},"sameAs":["https:\/\/www.facebook.com\/naturatouchca","https:\/\/www.instagram.com\/naturatouchca\/"]}]}},"jetpack_sharing_enabled":true,"_links":{"self":[{"href":"https:\/\/naturatouch.ca\/fr\/wp-json\/wp\/v2\/product\/1227","targetHints":{"allow":["GET"]}}],"collection":[{"href":"https:\/\/naturatouch.ca\/fr\/wp-json\/wp\/v2\/product"}],"about":[{"href":"https:\/\/naturatouch.ca\/fr\/wp-json\/wp\/v2\/types\/product"}],"replies":[{"embeddable":true,"href":"https:\/\/naturatouch.ca\/fr\/wp-json\/wp\/v2\/comments?post=1227"}],"wp:featuredmedia":[{"embeddable":true,"href":"https:\/\/naturatouch.ca\/fr\/wp-json\/wp\/v2\/media\/1180"}],"wp:attachment":[{"href":"https:\/\/naturatouch.ca\/fr\/wp-json\/wp\/v2\/media?parent=1227"}],"wp:term":[{"taxonomy":"product_brand","embeddable":true,"href":"https:\/\/naturatouch.ca\/fr\/wp-json\/wp\/v2\/product_brand?post=1227"},{"taxonomy":"product_cat","embeddable":true,"href":"https:\/\/naturatouch.ca\/fr\/wp-json\/wp\/v2\/product_cat?post=1227"},{"taxonomy":"product_tag","embeddable":true,"href":"https:\/\/naturatouch.ca\/fr\/wp-json\/wp\/v2\/product_tag?post=1227"}],"curies":[{"name":"wp","href":"https:\/\/api.w.org\/{rel}","templated":true}]}}